{"id":6,"date":"2023-12-22T16:37:25","date_gmt":"2023-12-22T15:37:25","guid":{"rendered":"https:\/\/jeuxcpamhds.fr\/?page_id=6"},"modified":"2024-02-08T23:01:54","modified_gmt":"2024-02-08T22:01:54","slug":"olympiades-cest-quoi-ces-journees-nationales-sportives-de-la-secu","status":"publish","type":"page","link":"https:\/\/jeuxcpamhds.fr\/index.php\/olympiades-cest-quoi-ces-journees-nationales-sportives-de-la-secu\/","title":{"rendered":"Ces jeux, c&#8217;est quoi ?"},"content":{"rendered":"\n<p><strong>C&#8217;est plus de 800 agents, venus des organismes de la S\u00e9cu de toute la France et de la R\u00e9union. Bonne humeur, gentillesse et sport pour tous. <\/strong><\/p>\n\n\n\n<p><strong>Et pour voir l&#8217;ambiance &#8230;..  un coup d&#8217;oeil en vid\u00e9o puis en images sur les \u00e9ditions pr\u00e9c\u00e9dentes&#8230;.<\/strong><\/p>\n\n\n\n<figure class=\"wp-block-video\"><video height=\"1080\" style=\"aspect-ratio: 1920 \/ 1080;\" width=\"1920\" controls src=\"https:\/\/jeuxcpamhds.fr\/wp-content\/uploads\/2024\/02\/JO-UNGSLOS-2014-1.mp4\"><\/video><\/figure>\n\n\n\n<figure class=\"wp-block-gallery has-nested-images columns-default is-cropped wp-block-gallery-1 is-layout-flex wp-block-gallery-is-layout-flex\">\n<figure class=\"wp-block-image size-large\"><img loading=\"lazy\" decoding=\"async\" width=\"768\" height=\"1024\" data-id=\"14\" src=\"https:\/\/jeuxcpamhds.fr\/wp-content\/uploads\/2023\/12\/ADJ0-768x1024.jpg\" alt=\"\" class=\"wp-image-14\" srcset=\"https:\/\/jeuxcpamhds.fr\/wp-content\/uploads\/2023\/12\/ADJ0-768x1024.jpg 768w, https:\/\/jeuxcpamhds.fr\/wp-content\/uploads\/2023\/12\/ADJ0-225x300.jpg 225w, https:\/\/jeuxcpamhds.fr\/wp-content\/uploads\/2023\/12\/ADJ0-1152x1536.jpg 1152w, https:\/\/jeuxcpamhds.fr\/wp-content\/uploads\/2023\/12\/ADJ0.jpg 1536w\" sizes=\"auto, (max-width: 768px) 100vw, 768px\" \/><\/figure>\n\n\n\n<figure class=\"wp-block-image size-large\"><img loading=\"lazy\" decoding=\"async\" width=\"1024\" height=\"768\" data-id=\"12\" src=\"https:\/\/jeuxcpamhds.fr\/wp-content\/uploads\/2023\/12\/ADJ5-1024x768.jpg\" alt=\"\" class=\"wp-image-12\" srcset=\"https:\/\/jeuxcpamhds.fr\/wp-content\/uploads\/2023\/12\/ADJ5-1024x768.jpg 1024w, https:\/\/jeuxcpamhds.fr\/wp-content\/uploads\/2023\/12\/ADJ5-300x225.jpg 300w, https:\/\/jeuxcpamhds.fr\/wp-content\/uploads\/2023\/12\/ADJ5-768x576.jpg 768w, https:\/\/jeuxcpamhds.fr\/wp-content\/uploads\/2023\/12\/ADJ5-1536x1153.jpg 1536w, https:\/\/jeuxcpamhds.fr\/wp-content\/uploads\/2023\/12\/ADJ5.jpg 1599w\" sizes=\"auto, (max-width: 1024px) 100vw, 1024px\" \/><\/figure>\n\n\n\n<figure class=\"wp-block-image size-large\"><img loading=\"lazy\" decoding=\"async\" width=\"576\" height=\"1024\" data-id=\"18\" src=\"https:\/\/jeuxcpamhds.fr\/wp-content\/uploads\/2023\/12\/Bad1-576x1024.jpg\" alt=\"\" class=\"wp-image-18\" srcset=\"https:\/\/jeuxcpamhds.fr\/wp-content\/uploads\/2023\/12\/Bad1-576x1024.jpg 576w, https:\/\/jeuxcpamhds.fr\/wp-content\/uploads\/2023\/12\/Bad1-169x300.jpg 169w, https:\/\/jeuxcpamhds.fr\/wp-content\/uploads\/2023\/12\/Bad1-768x1365.jpg 768w, https:\/\/jeuxcpamhds.fr\/wp-content\/uploads\/2023\/12\/Bad1-864x1536.jpg 864w, https:\/\/jeuxcpamhds.fr\/wp-content\/uploads\/2023\/12\/Bad1-1152x2048.jpg 1152w, https:\/\/jeuxcpamhds.fr\/wp-content\/uploads\/2023\/12\/Bad1-scaled.jpg 1440w\" sizes=\"auto, (max-width: 576px) 100vw, 576px\" \/><\/figure>\n\n\n\n<figure class=\"wp-block-image size-large\"><img loading=\"lazy\" decoding=\"async\" width=\"1024\" height=\"576\" data-id=\"17\" src=\"https:\/\/jeuxcpamhds.fr\/wp-content\/uploads\/2023\/12\/Bow1-1024x576.jpg\" alt=\"\" class=\"wp-image-17\" srcset=\"https:\/\/jeuxcpamhds.fr\/wp-content\/uploads\/2023\/12\/Bow1-1024x576.jpg 1024w, https:\/\/jeuxcpamhds.fr\/wp-content\/uploads\/2023\/12\/Bow1-300x169.jpg 300w, https:\/\/jeuxcpamhds.fr\/wp-content\/uploads\/2023\/12\/Bow1-768x432.jpg 768w, https:\/\/jeuxcpamhds.fr\/wp-content\/uploads\/2023\/12\/Bow1-1536x864.jpg 1536w, https:\/\/jeuxcpamhds.fr\/wp-content\/uploads\/2023\/12\/Bow1-2048x1152.jpg 2048w, https:\/\/jeuxcpamhds.fr\/wp-content\/uploads\/2023\/12\/Bow1-800x450.jpg 800w\" sizes=\"auto, (max-width: 1024px) 100vw, 1024px\" \/><\/figure>\n\n\n\n<figure class=\"wp-block-image size-large\"><img loading=\"lazy\" decoding=\"async\" width=\"1024\" height=\"974\" data-id=\"13\" src=\"https:\/\/jeuxcpamhds.fr\/wp-content\/uploads\/2023\/12\/Bow6.jpg\" alt=\"\" class=\"wp-image-13\" srcset=\"https:\/\/jeuxcpamhds.fr\/wp-content\/uploads\/2023\/12\/Bow6.jpg 1024w, https:\/\/jeuxcpamhds.fr\/wp-content\/uploads\/2023\/12\/Bow6-300x285.jpg 300w, https:\/\/jeuxcpamhds.fr\/wp-content\/uploads\/2023\/12\/Bow6-768x731.jpg 768w\" sizes=\"auto, (max-width: 1024px) 100vw, 1024px\" \/><\/figure>\n<\/figure>\n\n\n\n<figure class=\"wp-block-image size-large\"><img loading=\"lazy\" decoding=\"async\" width=\"1024\" height=\"576\" src=\"https:\/\/jeuxcpamhds.fr\/wp-content\/uploads\/2023\/12\/ADJ2-1-1024x576.jpg\" alt=\"\" class=\"wp-image-19\" srcset=\"https:\/\/jeuxcpamhds.fr\/wp-content\/uploads\/2023\/12\/ADJ2-1-1024x576.jpg 1024w, https:\/\/jeuxcpamhds.fr\/wp-content\/uploads\/2023\/12\/ADJ2-1-300x169.jpg 300w, https:\/\/jeuxcpamhds.fr\/wp-content\/uploads\/2023\/12\/ADJ2-1-768x432.jpg 768w, https:\/\/jeuxcpamhds.fr\/wp-content\/uploads\/2023\/12\/ADJ2-1-1536x864.jpg 1536w, https:\/\/jeuxcpamhds.fr\/wp-content\/uploads\/2023\/12\/ADJ2-1-2048x1152.jpg 2048w, https:\/\/jeuxcpamhds.fr\/wp-content\/uploads\/2023\/12\/ADJ2-1-800x450.jpg 800w\" sizes=\"auto, (max-width: 1024px) 100vw, 1024px\" \/><\/figure>\n\n\n\n<figure class=\"wp-block-gallery has-nested-images columns-default is-cropped wp-block-gallery-2 is-layout-flex wp-block-gallery-is-layout-flex\">\n<figure class=\"wp-block-image size-large\"><img loading=\"lazy\" decoding=\"async\" width=\"1024\" height=\"768\" data-id=\"11\" src=\"https:\/\/jeuxcpamhds.fr\/wp-content\/uploads\/2023\/12\/IMG-20190601-WA0006-1-1024x768.jpg\" alt=\"\" class=\"wp-image-11\" srcset=\"https:\/\/jeuxcpamhds.fr\/wp-content\/uploads\/2023\/12\/IMG-20190601-WA0006-1-1024x768.jpg 1024w, https:\/\/jeuxcpamhds.fr\/wp-content\/uploads\/2023\/12\/IMG-20190601-WA0006-1-300x225.jpg 300w, https:\/\/jeuxcpamhds.fr\/wp-content\/uploads\/2023\/12\/IMG-20190601-WA0006-1-768x576.jpg 768w, https:\/\/jeuxcpamhds.fr\/wp-content\/uploads\/2023\/12\/IMG-20190601-WA0006-1-1536x1152.jpg 1536w, https:\/\/jeuxcpamhds.fr\/wp-content\/uploads\/2023\/12\/IMG-20190601-WA0006-1.jpg 1600w\" sizes=\"auto, (max-width: 1024px) 100vw, 1024px\" \/><\/figure>\n\n\n\n<figure class=\"wp-block-image size-large\"><img loading=\"lazy\" decoding=\"async\" width=\"768\" height=\"1024\" data-id=\"10\" src=\"https:\/\/jeuxcpamhds.fr\/wp-content\/uploads\/2023\/12\/IMG-20190601-WA0015-768x1024.jpg\" alt=\"\" class=\"wp-image-10\" srcset=\"https:\/\/jeuxcpamhds.fr\/wp-content\/uploads\/2023\/12\/IMG-20190601-WA0015-768x1024.jpg 768w, https:\/\/jeuxcpamhds.fr\/wp-content\/uploads\/2023\/12\/IMG-20190601-WA0015-225x300.jpg 225w, https:\/\/jeuxcpamhds.fr\/wp-content\/uploads\/2023\/12\/IMG-20190601-WA0015-1152x1536.jpg 1152w, https:\/\/jeuxcpamhds.fr\/wp-content\/uploads\/2023\/12\/IMG-20190601-WA0015.jpg 1200w\" sizes=\"auto, (max-width: 768px) 100vw, 768px\" \/><\/figure>\n\n\n\n<figure class=\"wp-block-image size-large\"><img loading=\"lazy\" decoding=\"async\" width=\"1024\" height=\"873\" data-id=\"9\" src=\"https:\/\/jeuxcpamhds.fr\/wp-content\/uploads\/2023\/12\/IMG-20190601-WA0028-1024x873.jpg\" alt=\"\" class=\"wp-image-9\" srcset=\"https:\/\/jeuxcpamhds.fr\/wp-content\/uploads\/2023\/12\/IMG-20190601-WA0028-1024x873.jpg 1024w, https:\/\/jeuxcpamhds.fr\/wp-content\/uploads\/2023\/12\/IMG-20190601-WA0028-300x256.jpg 300w, https:\/\/jeuxcpamhds.fr\/wp-content\/uploads\/2023\/12\/IMG-20190601-WA0028-768x655.jpg 768w, https:\/\/jeuxcpamhds.fr\/wp-content\/uploads\/2023\/12\/IMG-20190601-WA0028-1536x1309.jpg 1536w, https:\/\/jeuxcpamhds.fr\/wp-content\/uploads\/2023\/12\/IMG-20190601-WA0028.jpg 1600w\" sizes=\"auto, (max-width: 1024px) 100vw, 1024px\" \/><\/figure>\n<\/figure>\n\n\n\n<p><\/p>\n\n\n\n<figure class=\"wp-block-gallery has-nested-images columns-default is-cropped wp-block-gallery-3 is-layout-flex wp-block-gallery-is-layout-flex\">\n<figure class=\"wp-block-image size-large\"><img loading=\"lazy\" decoding=\"async\" width=\"1024\" height=\"537\" data-id=\"68\" src=\"https:\/\/jeuxcpamhds.fr\/wp-content\/uploads\/2023\/12\/Vannes-Rando1-1024x537.jpg\" alt=\"\" class=\"wp-image-68\" srcset=\"https:\/\/jeuxcpamhds.fr\/wp-content\/uploads\/2023\/12\/Vannes-Rando1-1024x537.jpg 1024w, https:\/\/jeuxcpamhds.fr\/wp-content\/uploads\/2023\/12\/Vannes-Rando1-300x157.jpg 300w, https:\/\/jeuxcpamhds.fr\/wp-content\/uploads\/2023\/12\/Vannes-Rando1-768x403.jpg 768w, https:\/\/jeuxcpamhds.fr\/wp-content\/uploads\/2023\/12\/Vannes-Rando1.jpg 1098w\" sizes=\"auto, (max-width: 1024px) 100vw, 1024px\" \/><\/figure>\n\n\n\n<figure class=\"wp-block-image size-large\"><img loading=\"lazy\" decoding=\"async\" width=\"1024\" height=\"489\" data-id=\"67\" src=\"https:\/\/jeuxcpamhds.fr\/wp-content\/uploads\/2023\/12\/Vannes-Rando2-1024x489.jpg\" alt=\"\" class=\"wp-image-67\" srcset=\"https:\/\/jeuxcpamhds.fr\/wp-content\/uploads\/2023\/12\/Vannes-Rando2-1024x489.jpg 1024w, https:\/\/jeuxcpamhds.fr\/wp-content\/uploads\/2023\/12\/Vannes-Rando2-300x143.jpg 300w, https:\/\/jeuxcpamhds.fr\/wp-content\/uploads\/2023\/12\/Vannes-Rando2-768x367.jpg 768w, https:\/\/jeuxcpamhds.fr\/wp-content\/uploads\/2023\/12\/Vannes-Rando2.jpg 1206w\" sizes=\"auto, (max-width: 1024px) 100vw, 1024px\" \/><\/figure>\n<\/figure>\n\n\n\n<figure class=\"wp-block-gallery has-nested-images columns-default is-cropped wp-block-gallery-4 is-layout-flex wp-block-gallery-is-layout-flex\">\n<figure class=\"wp-block-image size-large\"><img loading=\"lazy\" decoding=\"async\" width=\"981\" height=\"655\" data-id=\"70\" src=\"https:\/\/jeuxcpamhds.fr\/wp-content\/uploads\/2023\/12\/DSC_2495-1.jpg\" alt=\"\" class=\"wp-image-70\" srcset=\"https:\/\/jeuxcpamhds.fr\/wp-content\/uploads\/2023\/12\/DSC_2495-1.jpg 981w, https:\/\/jeuxcpamhds.fr\/wp-content\/uploads\/2023\/12\/DSC_2495-1-300x200.jpg 300w, https:\/\/jeuxcpamhds.fr\/wp-content\/uploads\/2023\/12\/DSC_2495-1-768x513.jpg 768w\" sizes=\"auto, (max-width: 981px) 100vw, 981px\" \/><\/figure>\n<\/figure>\n\n\n\n<figure class=\"wp-block-gallery has-nested-images columns-default is-cropped wp-block-gallery-5 is-layout-flex wp-block-gallery-is-layout-flex\">\n<figure class=\"wp-block-image size-large\"><img loading=\"lazy\" decoding=\"async\" width=\"768\" height=\"1024\" data-id=\"74\" src=\"https:\/\/jeuxcpamhds.fr\/wp-content\/uploads\/2023\/12\/20180511_210313-768x1024.jpg\" alt=\"\" class=\"wp-image-74\" srcset=\"https:\/\/jeuxcpamhds.fr\/wp-content\/uploads\/2023\/12\/20180511_210313-768x1024.jpg 768w, https:\/\/jeuxcpamhds.fr\/wp-content\/uploads\/2023\/12\/20180511_210313-225x300.jpg 225w, https:\/\/jeuxcpamhds.fr\/wp-content\/uploads\/2023\/12\/20180511_210313-1152x1536.jpg 1152w, https:\/\/jeuxcpamhds.fr\/wp-content\/uploads\/2023\/12\/20180511_210313-1536x2048.jpg 1536w, https:\/\/jeuxcpamhds.fr\/wp-content\/uploads\/2023\/12\/20180511_210313-scaled.jpg 1920w\" sizes=\"auto, (max-width: 768px) 100vw, 768px\" \/><\/figure>\n\n\n\n<figure class=\"wp-block-image size-large\"><img loading=\"lazy\" decoding=\"async\" width=\"1024\" height=\"768\" data-id=\"73\" src=\"https:\/\/jeuxcpamhds.fr\/wp-content\/uploads\/2023\/12\/IMG_3040-1024x768.jpg\" alt=\"\" class=\"wp-image-73\" srcset=\"https:\/\/jeuxcpamhds.fr\/wp-content\/uploads\/2023\/12\/IMG_3040-1024x768.jpg 1024w, https:\/\/jeuxcpamhds.fr\/wp-content\/uploads\/2023\/12\/IMG_3040-300x225.jpg 300w, https:\/\/jeuxcpamhds.fr\/wp-content\/uploads\/2023\/12\/IMG_3040-768x576.jpg 768w, https:\/\/jeuxcpamhds.fr\/wp-content\/uploads\/2023\/12\/IMG_3040-1536x1152.jpg 1536w, https:\/\/jeuxcpamhds.fr\/wp-content\/uploads\/2023\/12\/IMG_3040.jpg 2048w\" sizes=\"auto, (max-width: 1024px) 100vw, 1024px\" \/><\/figure>\n<\/figure>\n","protected":false},"excerpt":{"rendered":"<p>C&#8217;est plus de 800 agents, venus des organismes de la S\u00e9cu de toute la France et de la R\u00e9union. Bonne humeur, gentillesse et sport pour tous. Et pour voir l&#8217;ambiance &#8230;.. un coup d&#8217;oeil en vid\u00e9o puis en images sur les \u00e9ditions pr\u00e9c\u00e9dentes&#8230;.<\/p>\n","protected":false},"author":1,"featured_media":0,"parent":0,"menu_order":0,"comment_status":"closed","ping_status":"closed","template":"","meta":{"site-sidebar-layout":"default","site-content-layout":"","ast-site-content-layout":"","site-content-style":"default","site-sidebar-style":"default","ast-global-header-display":"","ast-banner-title-visibility":"","ast-main-header-display":"","ast-hfb-above-header-display":"","ast-hfb-below-header-display":"","ast-hfb-mobile-header-display":"","site-post-title":"","ast-breadcrumbs-content":"","ast-featured-img":"","footer-sml-layout":"","theme-transparent-header-meta":"","adv-header-id-meta":"","stick-header-meta":"","header-above-stick-meta":"","header-main-stick-meta":"","header-below-stick-meta":"","astra-migrate-meta-layouts":"default","ast-page-background-enabled":"default","ast-page-background-meta":{"desktop":{"background-color":"var(--ast-global-color-4)","background-image":"","background-repeat":"repeat","background-position":"center center","background-size":"auto","background-attachment":"scroll","background-type":"","background-media":"","overlay-type":"","overlay-color":"","overlay-gradient":""},"tablet":{"background-color":"","background-image":"","background-repeat":"repeat","background-position":"center center","background-size":"auto","background-attachment":"scroll","background-type":"","background-media":"","overlay-type":"","overlay-color":"","overlay-gradient":""},"mobile":{"background-color":"","background-image":"","background-repeat":"repeat","background-position":"center center","background-size":"auto","background-attachment":"scroll","background-type":"","background-media":"","overlay-type":"","overlay-color":"","overlay-gradient":""}},"ast-content-background-meta":{"desktop":{"background-color":"var(--ast-global-color-5)","background-image":"","background-repeat":"repeat","background-position":"center center","background-size":"auto","background-attachment":"scroll","background-type":"","background-media":"","overlay-type":"","overlay-color":"","overlay-gradient":""},"tablet":{"background-color":"var(--ast-global-color-5)","background-image":"","background-repeat":"repeat","background-position":"center center","background-size":"auto","background-attachment":"scroll","background-type":"","background-media":"","overlay-type":"","overlay-color":"","overlay-gradient":""},"mobile":{"background-color":"var(--ast-global-color-5)","background-image":"","background-repeat":"repeat","background-position":"center center","background-size":"auto","background-attachment":"scroll","background-type":"","background-media":"","overlay-type":"","overlay-color":"","overlay-gradient":""}},"footnotes":""},"class_list":["post-6","page","type-page","status-publish","hentry"],"_links":{"self":[{"href":"https:\/\/jeuxcpamhds.fr\/index.php\/wp-json\/wp\/v2\/pages\/6","targetHints":{"allow":["GET"]}}],"collection":[{"href":"https:\/\/jeuxcpamhds.fr\/index.php\/wp-json\/wp\/v2\/pages"}],"about":[{"href":"https:\/\/jeuxcpamhds.fr\/index.php\/wp-json\/wp\/v2\/types\/page"}],"author":[{"embeddable":true,"href":"https:\/\/jeuxcpamhds.fr\/index.php\/wp-json\/wp\/v2\/users\/1"}],"replies":[{"embeddable":true,"href":"https:\/\/jeuxcpamhds.fr\/index.php\/wp-json\/wp\/v2\/comments?post=6"}],"version-history":[{"count":7,"href":"https:\/\/jeuxcpamhds.fr\/index.php\/wp-json\/wp\/v2\/pages\/6\/revisions"}],"predecessor-version":[{"id":130,"href":"https:\/\/jeuxcpamhds.fr\/index.php\/wp-json\/wp\/v2\/pages\/6\/revisions\/130"}],"wp:attachment":[{"href":"https:\/\/jeuxcpamhds.fr\/index.php\/wp-json\/wp\/v2\/media?parent=6"}],"curies":[{"name":"wp","href":"https:\/\/api.w.org\/{rel}","templated":true}]}}