{"id":45,"date":"2023-12-23T11:46:55","date_gmt":"2023-12-23T10:46:55","guid":{"rendered":"https:\/\/jeuxcpamhds.fr\/?page_id=45"},"modified":"2025-12-13T22:42:22","modified_gmt":"2025-12-13T21:42:22","slug":"combien-ca-coute","status":"publish","type":"page","link":"https:\/\/jeuxcpamhds.fr\/index.php\/combien-ca-coute\/","title":{"rendered":"Inscription et co\u00fbt du week-end ?"},"content":{"rendered":"\n<p class=\"has-text-align-center\"><strong><em><mark style=\"background-color:var(--ast-global-color-6)\" class=\"has-inline-color has-ast-global-color-2-color\">Date limite des inscriptions \u00e0 d\u00e9terminer<\/mark><\/em><\/strong><\/p>\n\n\n\n<p>Chaque participant prend \u00e0 sa charge les frais d&#8217;inscription, les repas et l&#8217;h\u00e9bergement.<\/p>\n\n\n\n<p><strong>1) L&#8217;adh\u00e9sion membres par participant:<\/strong> engagement Ungslos 13 \u20ac.<\/p>\n\n\n\n<p><strong>2) Les tarifs des inscriptions aux disciplines sportives<\/strong>: non encore transmis par les organisateurs.<\/p>\n\n\n\n<ul class=\"wp-block-list\"><\/ul>\n\n\n\n<p><strong>3) H\u00e9bergement: \u00e0 d\u00e9finir<\/strong>.<\/p>\n\n\n\n<p><\/p>\n\n\n\n<ul class=\"wp-block-list\"><\/ul>\n\n\n\n<figure class=\"wp-block-image aligncenter size-full is-resized\"><img loading=\"lazy\" decoding=\"async\" width=\"905\" height=\"120\" src=\"https:\/\/jeuxcpamhds.fr\/wp-content\/uploads\/2025\/03\/ob_e56932_frise-sequence-course.jpg\" alt=\"\" class=\"wp-image-226\" style=\"width:543px;height:auto\" srcset=\"https:\/\/jeuxcpamhds.fr\/wp-content\/uploads\/2025\/03\/ob_e56932_frise-sequence-course.jpg 905w, https:\/\/jeuxcpamhds.fr\/wp-content\/uploads\/2025\/03\/ob_e56932_frise-sequence-course-300x40.jpg 300w, https:\/\/jeuxcpamhds.fr\/wp-content\/uploads\/2025\/03\/ob_e56932_frise-sequence-course-768x102.jpg 768w\" sizes=\"auto, (max-width: 905px) 100vw, 905px\" \/><\/figure>\n\n\n\n<p>La CPAM des Hauts-de-Seine prend en charge le transport aller et retour (et transferts sur sites sportifs) et un maillot floqu\u00e9.<\/p>\n\n\n\n<p>Le CSE participe au remboursement des frais engag\u00e9s \u00e0 hauteur de 50% par agent, plafonn\u00e9 \u00e0 80 \u20ac. Il ne subventionne pas les conjoints et enfants.<\/p>\n\n\n\n<p><\/p>\n","protected":false},"excerpt":{"rendered":"<p>Date limite des inscriptions \u00e0 d\u00e9terminer Chaque participant prend \u00e0 sa charge les frais d&#8217;inscription, les repas et l&#8217;h\u00e9bergement. 1) L&#8217;adh\u00e9sion membres par participant: engagement Ungslos 13 \u20ac. 2) Les tarifs des inscriptions aux disciplines sportives: non encore transmis par les organisateurs. 3) H\u00e9bergement: \u00e0 d\u00e9finir. La CPAM des Hauts-de-Seine prend en charge le transport [&hellip;]<\/p>\n","protected":false},"author":1,"featured_media":0,"parent":0,"menu_order":0,"comment_status":"closed","ping_status":"closed","template":"","meta":{"site-sidebar-layout":"default","site-content-layout":"","ast-site-content-layout":"","site-content-style":"default","site-sidebar-style":"default","ast-global-header-display":"","ast-banner-title-visibility":"","ast-main-header-display":"","ast-hfb-above-header-display":"","ast-hfb-below-header-display":"","ast-hfb-mobile-header-display":"","site-post-title":"disabled","ast-breadcrumbs-content":"","ast-featured-img":"","footer-sml-layout":"","theme-transparent-header-meta":"","adv-header-id-meta":"","stick-header-meta":"","header-above-stick-meta":"","header-main-stick-meta":"","header-below-stick-meta":"","astra-migrate-meta-layouts":"default","ast-page-background-enabled":"default","ast-page-background-meta":{"desktop":{"background-color":"var(--ast-global-color-4)","background-image":"","background-repeat":"repeat","background-position":"center center","background-size":"auto","background-attachment":"scroll","background-type":"","background-media":"","overlay-type":"","overlay-color":"","overlay-gradient":""},"tablet":{"background-color":"","background-image":"","background-repeat":"repeat","background-position":"center center","background-size":"auto","background-attachment":"scroll","background-type":"","background-media":"","overlay-type":"","overlay-color":"","overlay-gradient":""},"mobile":{"background-color":"","background-image":"","background-repeat":"repeat","background-position":"center center","background-size":"auto","background-attachment":"scroll","background-type":"","background-media":"","overlay-type":"","overlay-color":"","overlay-gradient":""}},"ast-content-background-meta":{"desktop":{"background-color":"var(--ast-global-color-5)","background-image":"","background-repeat":"repeat","background-position":"center center","background-size":"auto","background-attachment":"scroll","background-type":"","background-media":"","overlay-type":"","overlay-color":"","overlay-gradient":""},"tablet":{"background-color":"var(--ast-global-color-5)","background-image":"","background-repeat":"repeat","background-position":"center center","background-size":"auto","background-attachment":"scroll","background-type":"","background-media":"","overlay-type":"","overlay-color":"","overlay-gradient":""},"mobile":{"background-color":"var(--ast-global-color-5)","background-image":"","background-repeat":"repeat","background-position":"center center","background-size":"auto","background-attachment":"scroll","background-type":"","background-media":"","overlay-type":"","overlay-color":"","overlay-gradient":""}},"footnotes":""},"class_list":["post-45","page","type-page","status-publish","hentry"],"_links":{"self":[{"href":"https:\/\/jeuxcpamhds.fr\/index.php\/wp-json\/wp\/v2\/pages\/45","targetHints":{"allow":["GET"]}}],"collection":[{"href":"https:\/\/jeuxcpamhds.fr\/index.php\/wp-json\/wp\/v2\/pages"}],"about":[{"href":"https:\/\/jeuxcpamhds.fr\/index.php\/wp-json\/wp\/v2\/types\/page"}],"author":[{"embeddable":true,"href":"https:\/\/jeuxcpamhds.fr\/index.php\/wp-json\/wp\/v2\/users\/1"}],"replies":[{"embeddable":true,"href":"https:\/\/jeuxcpamhds.fr\/index.php\/wp-json\/wp\/v2\/comments?post=45"}],"version-history":[{"count":21,"href":"https:\/\/jeuxcpamhds.fr\/index.php\/wp-json\/wp\/v2\/pages\/45\/revisions"}],"predecessor-version":[{"id":248,"href":"https:\/\/jeuxcpamhds.fr\/index.php\/wp-json\/wp\/v2\/pages\/45\/revisions\/248"}],"wp:attachment":[{"href":"https:\/\/jeuxcpamhds.fr\/index.php\/wp-json\/wp\/v2\/media?parent=45"}],"curies":[{"name":"wp","href":"https:\/\/api.w.org\/{rel}","templated":true}]}}