{"id":43,"date":"2023-12-23T11:39:26","date_gmt":"2023-12-23T10:39:26","guid":{"rendered":"https:\/\/jeuxcpamhds.fr\/?page_id=43"},"modified":"2026-01-25T21:26:51","modified_gmt":"2026-01-25T20:26:51","slug":"demandez-le-programme","status":"publish","type":"page","link":"https:\/\/jeuxcpamhds.fr\/index.php\/demandez-le-programme\/","title":{"rendered":"Demandez le programme !"},"content":{"rendered":"\n<p><strong># jeudi 14 mai 2026, matin<\/strong>: d\u00e9part en TGV: Gare de Lyon. Horaire \u00e0 confirmer. A Marseille, prise en charge en car.<\/p>\n\n\n\n<p>Arriv\u00e9e \u00e0 la B\u00e9doule en milieu de journ\u00e9e. Acc\u00e8s \u00e0 l&#8217;h\u00e9bergement et accueil des clubs, retrait de goodies, informations sur les \u00e9preuves. Pot d&#8217;accueil. Repas en groupe.<\/p>\n\n\n\n<p><strong># vendredi 15<\/strong> <strong>mai<\/strong>: Repas sur site des \u00e9preuves le midi. Sinon, repas libre ou en groupe le soir, selon les envies. Pour le d\u00e9tail du programme voir un peu plus bas.<\/p>\n\n\n\n<p><strong># <\/strong> <strong>samedi 16 mai: <\/strong>Randonn\u00e9e d\u00e9tente (douce ou sportive) ou course hors stade 10km. Le soir soir\u00e9e de cl\u00f4ture.<\/p>\n\n\n\n<p><\/p>\n\n\n\n<p><strong>A noter <\/strong>: <em>Bowling<\/em> par \u00e9quipe de 4 ou en individuel. Le bowling sera celui de Bandol ! Le golf aussi. Les autres disciplines se tiendront sur Roquefort-la-B\u00e9doule o\u00f9 sur des sites \u00e0 proximit\u00e9.<\/p>\n\n\n\n<p><strong># dimanche 17 mai<\/strong>: retour  vers Paris, le dimanche matin&#8230;..<\/p>\n\n\n\n<p class=\"has-text-align-center\"><strong><em><mark style=\"background-color:rgba(0, 0, 0, 0)\" class=\"has-inline-color has-ast-global-color-1-color\">Le d\u00e9tail du programme :<\/mark><\/em><\/strong><\/p>\n\n\n\n<figure class=\"wp-block-image aligncenter size-full\"><img loading=\"lazy\" decoding=\"async\" width=\"542\" height=\"542\" src=\"https:\/\/jeuxcpamhds.fr\/wp-content\/uploads\/2026\/01\/Programme-Bedoule.jpg\" alt=\"\" class=\"wp-image-255\" srcset=\"https:\/\/jeuxcpamhds.fr\/wp-content\/uploads\/2026\/01\/Programme-Bedoule.jpg 542w, https:\/\/jeuxcpamhds.fr\/wp-content\/uploads\/2026\/01\/Programme-Bedoule-300x300.jpg 300w, https:\/\/jeuxcpamhds.fr\/wp-content\/uploads\/2026\/01\/Programme-Bedoule-150x150.jpg 150w\" sizes=\"auto, (max-width: 542px) 100vw, 542px\" \/><\/figure>\n\n\n\n<p><strong><em><mark style=\"background-color:rgba(0, 0, 0, 0)\" class=\"has-inline-color has-ast-global-color-7-color\">Entra\u00eenements<\/mark><\/em><\/strong><mark style=\"background-color:rgba(0, 0, 0, 0)\" class=\"has-inline-color has-ast-global-color-6-color\">:<\/mark> <\/p>\n\n\n\n<p>Pour la course hors stade, vous pouvez rejoindre l&#8217;amicale du BdB: site <a href=\"https:\/\/courirboisdeboulogne.fr\">https:\/\/courirboisdeboulogne.fr<\/a><\/p>\n\n\n\n<p>Pour le bowling, voir avec Jacky.  Sinon, un petit m\u00e9mo sans pr\u00e9tention &#8230;&#8230;.<\/p>\n\n\n\n<div data-wp-interactive=\"core\/file\" class=\"wp-block-file\"><object data-wp-bind--hidden=\"!state.hasPdfPreview\" hidden class=\"wp-block-file__embed\" data=\"https:\/\/jeuxcpamhds.fr\/wp-content\/uploads\/2024\/02\/memo-bowling.pdf\" type=\"application\/pdf\" style=\"width:100%;height:600px\" aria-label=\"Embed of memo-bowling.\"><\/object><a id=\"wp-block-file--media-93ed45bf-0332-46c2-8c39-64bd10d1c49d\" href=\"https:\/\/jeuxcpamhds.fr\/wp-content\/uploads\/2024\/02\/memo-bowling.pdf\">memo-bowling<\/a><a href=\"https:\/\/jeuxcpamhds.fr\/wp-content\/uploads\/2024\/02\/memo-bowling.pdf\" class=\"wp-block-file__button wp-element-button\" download aria-describedby=\"wp-block-file--media-93ed45bf-0332-46c2-8c39-64bd10d1c49d\">T\u00e9l\u00e9charger<\/a><\/div>\n\n\n\n<p><\/p>\n","protected":false},"excerpt":{"rendered":"<p># jeudi 14 mai 2026, matin: d\u00e9part en TGV: Gare de Lyon. Horaire \u00e0 confirmer. A Marseille, prise en charge en car. Arriv\u00e9e \u00e0 la B\u00e9doule en milieu de journ\u00e9e. Acc\u00e8s \u00e0 l&#8217;h\u00e9bergement et accueil des clubs, retrait de goodies, informations sur les \u00e9preuves. Pot d&#8217;accueil. Repas en groupe. # vendredi 15 mai: Repas sur [&hellip;]<\/p>\n","protected":false},"author":1,"featured_media":0,"parent":0,"menu_order":0,"comment_status":"closed","ping_status":"closed","template":"","meta":{"site-sidebar-layout":"default","site-content-layout":"","ast-site-content-layout":"","site-content-style":"default","site-sidebar-style":"default","ast-global-header-display":"","ast-banner-title-visibility":"","ast-main-header-display":"","ast-hfb-above-header-display":"","ast-hfb-below-header-display":"","ast-hfb-mobile-header-display":"","site-post-title":"","ast-breadcrumbs-content":"","ast-featured-img":"","footer-sml-layout":"","theme-transparent-header-meta":"","adv-header-id-meta":"","stick-header-meta":"","header-above-stick-meta":"","header-main-stick-meta":"","header-below-stick-meta":"","astra-migrate-meta-layouts":"default","ast-page-background-enabled":"default","ast-page-background-meta":{"desktop":{"background-color":"var(--ast-global-color-4)","background-image":"","background-repeat":"repeat","background-position":"center center","background-size":"auto","background-attachment":"scroll","background-type":"","background-media":"","overlay-type":"","overlay-color":"","overlay-gradient":""},"tablet":{"background-color":"","background-image":"","background-repeat":"repeat","background-position":"center center","background-size":"auto","background-attachment":"scroll","background-type":"","background-media":"","overlay-type":"","overlay-color":"","overlay-gradient":""},"mobile":{"background-color":"","background-image":"","background-repeat":"repeat","background-position":"center center","background-size":"auto","background-attachment":"scroll","background-type":"","background-media":"","overlay-type":"","overlay-color":"","overlay-gradient":""}},"ast-content-background-meta":{"desktop":{"background-color":"var(--ast-global-color-5)","background-image":"","background-repeat":"repeat","background-position":"center center","background-size":"auto","background-attachment":"scroll","background-type":"","background-media":"","overlay-type":"","overlay-color":"","overlay-gradient":""},"tablet":{"background-color":"var(--ast-global-color-5)","background-image":"","background-repeat":"repeat","background-position":"center center","background-size":"auto","background-attachment":"scroll","background-type":"","background-media":"","overlay-type":"","overlay-color":"","overlay-gradient":""},"mobile":{"background-color":"var(--ast-global-color-5)","background-image":"","background-repeat":"repeat","background-position":"center center","background-size":"auto","background-attachment":"scroll","background-type":"","background-media":"","overlay-type":"","overlay-color":"","overlay-gradient":""}},"footnotes":""},"class_list":["post-43","page","type-page","status-publish","hentry"],"_links":{"self":[{"href":"https:\/\/jeuxcpamhds.fr\/index.php\/wp-json\/wp\/v2\/pages\/43","targetHints":{"allow":["GET"]}}],"collection":[{"href":"https:\/\/jeuxcpamhds.fr\/index.php\/wp-json\/wp\/v2\/pages"}],"about":[{"href":"https:\/\/jeuxcpamhds.fr\/index.php\/wp-json\/wp\/v2\/types\/page"}],"author":[{"embeddable":true,"href":"https:\/\/jeuxcpamhds.fr\/index.php\/wp-json\/wp\/v2\/users\/1"}],"replies":[{"embeddable":true,"href":"https:\/\/jeuxcpamhds.fr\/index.php\/wp-json\/wp\/v2\/comments?post=43"}],"version-history":[{"count":44,"href":"https:\/\/jeuxcpamhds.fr\/index.php\/wp-json\/wp\/v2\/pages\/43\/revisions"}],"predecessor-version":[{"id":256,"href":"https:\/\/jeuxcpamhds.fr\/index.php\/wp-json\/wp\/v2\/pages\/43\/revisions\/256"}],"wp:attachment":[{"href":"https:\/\/jeuxcpamhds.fr\/index.php\/wp-json\/wp\/v2\/media?parent=43"}],"curies":[{"name":"wp","href":"https:\/\/api.w.org\/{rel}","templated":true}]}}