{"id":115,"date":"2024-01-27T19:49:23","date_gmt":"2024-01-27T18:49:23","guid":{"rendered":"https:\/\/jeuxcpamhds.fr\/?page_id=115"},"modified":"2025-12-13T22:46:11","modified_gmt":"2025-12-13T21:46:11","slug":"foire-aux-questions","status":"publish","type":"page","link":"https:\/\/jeuxcpamhds.fr\/index.php\/foire-aux-questions\/","title":{"rendered":"Foire aux Questions"},"content":{"rendered":"\n<p><strong>Faut-il poser une journ\u00e9e le vendredi 15 mai ?<\/strong> Oui, il s&#8217;agit bien de vacances :-). La Caisse n&#8217;offre pas de journ\u00e9e \u00e0 cette occasion.<\/p>\n\n\n\n<p><strong>Les enfants peuvent-ils participer ?<\/strong> Oui mais sous condition d&#8217;\u00e2ge. Voir avec Jacky et Muriel.<\/p>\n\n\n\n<p><strong>Quelles seront les prises en charge ?<\/strong> La CPAM prend en charge le d\u00e9placement A\/R \u00e0 Roquefort-la-B\u00e9doule et les transferts \u00e9ventuels sur site, ainsi qu&#8217;un maillot floqu\u00e9. Le CSE rembourse habituellement 50% des frais d&#8217;inscriptions aux \u00e9preuves et de l&#8217;h\u00e9bergement avec un plafond de 80 \u20ac. <em><strong>Attention, le CSE ne prend pas en charge les conjoints et les enfants pour cet \u00e9v\u00e9nement.<\/strong><\/em><\/p>\n\n\n\n<p><strong>O\u00f9 sera le rendez-vous du jeudi matin ?<\/strong> Gare de Lyon, dans le train (heure \u00e0 d\u00e9finir).<\/p>\n\n\n\n<p><strong>Quelles sont les possibilit\u00e9s d&#8217;h\u00e9bergement ?<\/strong> H\u00e9bergement en h\u00f4tel, camping ou village vacances&#8230; \u00e0 d\u00e9finir.<\/p>\n\n\n\n<p><strong>Faut-il un certificat m\u00e9dical de non contre-indication \u00e0 la pratique sportive en comp\u00e9tition ?<\/strong> Plus besoin d&#8217;aller chez le m\u00e9decin. A partir de cette ann\u00e9e chaque participant remplira une attestation pour toute discipline en comp\u00e9tition, exception faite des licenci\u00e9s. La randonn\u00e9e n&#8217;est pas une comp\u00e9tition, donc pas d&#8217;attestation! Pour la course hors stade il faudra fournir l&#8217;attestation PPS requise par la FFA. <\/p>\n\n\n\n<p><strong>Quelle est la distance de la course hors stade? <\/strong>10 kilom\u00e8tres.<\/p>\n\n\n\n<p><strong>Quelle est la distance des randonn\u00e9es ?<\/strong> Non encore connue.<\/p>\n\n\n\n<p><\/p>\n","protected":false},"excerpt":{"rendered":"<p>Faut-il poser une journ\u00e9e le vendredi 15 mai ? Oui, il s&#8217;agit bien de vacances :-). La Caisse n&#8217;offre pas de journ\u00e9e \u00e0 cette occasion. Les enfants peuvent-ils participer ? Oui mais sous condition d&#8217;\u00e2ge. Voir avec Jacky et Muriel. Quelles seront les prises en charge ? La CPAM prend en charge le d\u00e9placement A\/R [&hellip;]<\/p>\n","protected":false},"author":1,"featured_media":0,"parent":0,"menu_order":0,"comment_status":"closed","ping_status":"closed","template":"","meta":{"site-sidebar-layout":"default","site-content-layout":"","ast-site-content-layout":"","site-content-style":"default","site-sidebar-style":"default","ast-global-header-display":"","ast-banner-title-visibility":"","ast-main-header-display":"","ast-hfb-above-header-display":"","ast-hfb-below-header-display":"","ast-hfb-mobile-header-display":"","site-post-title":"","ast-breadcrumbs-content":"","ast-featured-img":"","footer-sml-layout":"","theme-transparent-header-meta":"","adv-header-id-meta":"","stick-header-meta":"","header-above-stick-meta":"","header-main-stick-meta":"","header-below-stick-meta":"","astra-migrate-meta-layouts":"default","ast-page-background-enabled":"default","ast-page-background-meta":{"desktop":{"background-color":"var(--ast-global-color-4)","background-image":"","background-repeat":"repeat","background-position":"center center","background-size":"auto","background-attachment":"scroll","background-type":"","background-media":"","overlay-type":"","overlay-color":"","overlay-gradient":""},"tablet":{"background-color":"","background-image":"","background-repeat":"repeat","background-position":"center center","background-size":"auto","background-attachment":"scroll","background-type":"","background-media":"","overlay-type":"","overlay-color":"","overlay-gradient":""},"mobile":{"background-color":"","background-image":"","background-repeat":"repeat","background-position":"center center","background-size":"auto","background-attachment":"scroll","background-type":"","background-media":"","overlay-type":"","overlay-color":"","overlay-gradient":""}},"ast-content-background-meta":{"desktop":{"background-color":"var(--ast-global-color-5)","background-image":"","background-repeat":"repeat","background-position":"center center","background-size":"auto","background-attachment":"scroll","background-type":"","background-media":"","overlay-type":"","overlay-color":"","overlay-gradient":""},"tablet":{"background-color":"var(--ast-global-color-5)","background-image":"","background-repeat":"repeat","background-position":"center center","background-size":"auto","background-attachment":"scroll","background-type":"","background-media":"","overlay-type":"","overlay-color":"","overlay-gradient":""},"mobile":{"background-color":"var(--ast-global-color-5)","background-image":"","background-repeat":"repeat","background-position":"center center","background-size":"auto","background-attachment":"scroll","background-type":"","background-media":"","overlay-type":"","overlay-color":"","overlay-gradient":""}},"footnotes":""},"class_list":["post-115","page","type-page","status-publish","hentry"],"_links":{"self":[{"href":"https:\/\/jeuxcpamhds.fr\/index.php\/wp-json\/wp\/v2\/pages\/115","targetHints":{"allow":["GET"]}}],"collection":[{"href":"https:\/\/jeuxcpamhds.fr\/index.php\/wp-json\/wp\/v2\/pages"}],"about":[{"href":"https:\/\/jeuxcpamhds.fr\/index.php\/wp-json\/wp\/v2\/types\/page"}],"author":[{"embeddable":true,"href":"https:\/\/jeuxcpamhds.fr\/index.php\/wp-json\/wp\/v2\/users\/1"}],"replies":[{"embeddable":true,"href":"https:\/\/jeuxcpamhds.fr\/index.php\/wp-json\/wp\/v2\/comments?post=115"}],"version-history":[{"count":17,"href":"https:\/\/jeuxcpamhds.fr\/index.php\/wp-json\/wp\/v2\/pages\/115\/revisions"}],"predecessor-version":[{"id":251,"href":"https:\/\/jeuxcpamhds.fr\/index.php\/wp-json\/wp\/v2\/pages\/115\/revisions\/251"}],"wp:attachment":[{"href":"https:\/\/jeuxcpamhds.fr\/index.php\/wp-json\/wp\/v2\/media?parent=115"}],"curies":[{"name":"wp","href":"https:\/\/api.w.org\/{rel}","templated":true}]}}